{"id":1251,"date":"2025-03-12T11:21:55","date_gmt":"2025-03-12T16:21:55","guid":{"rendered":"https:\/\/inti.llc\/nosotros\/"},"modified":"2025-05-15T16:13:43","modified_gmt":"2025-05-15T21:13:43","slug":"nosotros","status":"publish","type":"page","link":"https:\/\/inti.llc\/en\/nosotros\/","title":{"rendered":"Nosotros"},"content":{"rendered":"<div data-elementor-type=\"wp-page\" data-elementor-id=\"1251\" class=\"elementor elementor-1251\" data-elementor-post-type=\"page\">\n\t\t\t\t<div class=\"elementor-element elementor-element-20b97690 rnz-section e-flex e-con-boxed e-con e-parent\" data-id=\"20b97690\" data-element_type=\"container\" data-settings=\"{&quot;background_background&quot;:&quot;classic&quot;}\">\n\t\t\t\t\t<div class=\"e-con-inner\">\n\t\t\t\t<div class=\"elementor-element elementor-element-b410be3 elementor-widget__width-inherit elementor-widget elementor-widget-heading\" data-id=\"b410be3\" data-element_type=\"widget\" data-widget_type=\"heading.default\">\n\t\t\t\t<div class=\"elementor-widget-container\">\n\t\t\t\t\t<h2 class=\"elementor-heading-title elementor-size-default\">Somos una firma boutique independiente que lidera la gesti\u00f3n de tu patrimonio en la banca privada de tu preferencia.<\/h2>\t\t\t\t<\/div>\n\t\t\t\t<\/div>\n\t\t\t\t<div class=\"elementor-element elementor-element-5bc619c elementor-widget__width-auto elementor-widget elementor-widget-heading\" data-id=\"5bc619c\" data-element_type=\"widget\" data-widget_type=\"heading.default\">\n\t\t\t\t<div class=\"elementor-widget-container\">\n\t\t\t\t\t<h2 class=\"elementor-heading-title elementor-size-default\">Estamos supervisados en los Estados Unidos y te atendemos localmente en Per\u00fa.<\/h2>\t\t\t\t<\/div>\n\t\t\t\t<\/div>\n\t\t\t\t\t<\/div>\n\t\t\t\t<\/div>\n\t\t<div class=\"elementor-element elementor-element-2b16cd3 rnz-section e-flex e-con-boxed e-con e-parent\" data-id=\"2b16cd3\" data-element_type=\"container\">\n\t\t\t\t\t<div class=\"e-con-inner\">\n\t\t<div class=\"elementor-element elementor-element-5e35ae41 e-con-full e-flex e-con e-child\" data-id=\"5e35ae41\" data-element_type=\"container\">\n\t\t\t\t<div class=\"elementor-element elementor-element-69b90c68 elementor-widget elementor-widget-image\" data-id=\"69b90c68\" data-element_type=\"widget\" data-widget_type=\"image.default\">\n\t\t\t\t<div class=\"elementor-widget-container\">\n\t\t\t\t\t\t\t\t\t\t\t\t\t\t\t<img fetchpriority=\"high\" decoding=\"async\" width=\"800\" height=\"760\" src=\"https:\/\/inti.llc\/wp-content\/uploads\/2025\/04\/Website-inputs-1-1024x973.png\" class=\"attachment-large size-large wp-image-1465\" alt=\"\" srcset=\"https:\/\/inti.llc\/wp-content\/uploads\/2025\/04\/Website-inputs-1-1024x973.png 1024w, https:\/\/inti.llc\/wp-content\/uploads\/2025\/04\/Website-inputs-1-300x285.png 300w, https:\/\/inti.llc\/wp-content\/uploads\/2025\/04\/Website-inputs-1-768x729.png 768w, https:\/\/inti.llc\/wp-content\/uploads\/2025\/04\/Website-inputs-1-13x12.png 13w, https:\/\/inti.llc\/wp-content\/uploads\/2025\/04\/Website-inputs-1.png 1137w\" sizes=\"(max-width: 800px) 100vw, 800px\" \/>\t\t\t\t\t\t\t\t\t\t\t\t\t\t\t<\/div>\n\t\t\t\t<\/div>\n\t\t\t\t<\/div>\n\t\t<div class=\"elementor-element elementor-element-2703ba80 e-con-full e-flex e-con e-child\" data-id=\"2703ba80\" data-element_type=\"container\">\n\t\t\t\t<div class=\"elementor-element elementor-element-582118d elementor-view-default elementor-widget elementor-widget-icon\" data-id=\"582118d\" data-element_type=\"widget\" data-widget_type=\"icon.default\">\n\t\t\t\t<div class=\"elementor-widget-container\">\n\t\t\t\t\t\t\t<div class=\"elementor-icon-wrapper\">\n\t\t\t<div class=\"elementor-icon\">\n\t\t\t<svg xmlns=\"http:\/\/www.w3.org\/2000\/svg\" id=\"Layer_1\" data-name=\"Layer 1\" viewbox=\"0 0 24 24\"><path d=\"M23.688,11.654c-.131-.354-3.287-8.654-11.688-8.654C3.32,3.153,.464,11.306,.185,11.999c.276,.691,3.121,8.85,11.815,9.001,8.681-.154,11.536-8.305,11.815-9l-.127-.346Zm-11.688,7.346c-6.234,0-9.037-5.529-9.671-6.999,.637-1.47,3.448-7.001,9.671-7.001s9.033,5.529,9.671,7c-.638,1.471-3.449,7-9.671,7Zm5-7c0,2.761-2.239,5-5,5-1.669,0-3.138-.826-4.046-2.083l1.503-1.503,1.5,1.5,2.707-2.707,1.293,1.293v-3.429c0-.316-.256-.571-.571-.571h-3.429l1.293,1.293-1.293,1.293-1.5-1.5-2.362,2.362c-.059-.307-.096-.623-.096-.947,0-2.761,2.239-5,5-5s5,2.239,5,5Z\"><\/path><\/svg>\t\t\t<\/div>\n\t\t<\/div>\n\t\t\t\t\t\t<\/div>\n\t\t\t\t<\/div>\n\t\t\t\t<div class=\"elementor-element elementor-element-3ad5356f elementor-widget elementor-widget-heading\" data-id=\"3ad5356f\" data-element_type=\"widget\" data-widget_type=\"heading.default\">\n\t\t\t\t<div class=\"elementor-widget-container\">\n\t\t\t\t\t<h2 class=\"elementor-heading-title elementor-size-default\">Nuestro prop\u00f3sito<\/h2>\t\t\t\t<\/div>\n\t\t\t\t<\/div>\n\t\t\t\t<div class=\"elementor-element elementor-element-2f3f44f8 elementor-widget elementor-widget-text-editor\" data-id=\"2f3f44f8\" data-element_type=\"widget\" data-widget_type=\"text-editor.default\">\n\t\t\t\t<div class=\"elementor-widget-container\">\n\t\t\t\t\t\t\t\t\t<p><span class=\"OYPEnA font-feature-liga-off font-feature-clig-off font-feature-calt-off text-decoration-none text-strikethrough-none\">Ofrecer a las familias peruanas la tranquilidad que protegemos su legado y formamos a sus sucesores.<\/span><\/p>\t\t\t\t\t\t\t\t<\/div>\n\t\t\t\t<\/div>\n\t\t\t\t<\/div>\n\t\t\t\t\t<\/div>\n\t\t\t\t<\/div>\n\t\t<div class=\"elementor-element elementor-element-227ea1cf rnz-section e-flex e-con-boxed e-con e-parent\" data-id=\"227ea1cf\" data-element_type=\"container\" data-settings=\"{&quot;background_background&quot;:&quot;classic&quot;,&quot;background_motion_fx_motion_fx_scrolling&quot;:&quot;yes&quot;,&quot;background_motion_fx_translateY_effect&quot;:&quot;yes&quot;,&quot;background_motion_fx_opacity_effect&quot;:&quot;yes&quot;,&quot;background_motion_fx_translateY_speed&quot;:{&quot;unit&quot;:&quot;px&quot;,&quot;size&quot;:4,&quot;sizes&quot;:[]},&quot;background_motion_fx_translateY_affectedRange&quot;:{&quot;unit&quot;:&quot;%&quot;,&quot;size&quot;:&quot;&quot;,&quot;sizes&quot;:{&quot;start&quot;:0,&quot;end&quot;:100}},&quot;background_motion_fx_opacity_direction&quot;:&quot;out-in&quot;,&quot;background_motion_fx_opacity_level&quot;:{&quot;unit&quot;:&quot;px&quot;,&quot;size&quot;:10,&quot;sizes&quot;:[]},&quot;background_motion_fx_opacity_range&quot;:{&quot;unit&quot;:&quot;%&quot;,&quot;size&quot;:&quot;&quot;,&quot;sizes&quot;:{&quot;start&quot;:20,&quot;end&quot;:80}},&quot;background_motion_fx_devices&quot;:[&quot;desktop&quot;,&quot;tablet_extra&quot;,&quot;tablet&quot;,&quot;mobile_extra&quot;,&quot;mobile&quot;]}\">\n\t\t\t\t\t<div class=\"e-con-inner\">\n\t\t<div class=\"elementor-element elementor-element-6fcc1b95 e-con-full e-flex e-con e-child\" data-id=\"6fcc1b95\" data-element_type=\"container\">\n\t\t\t\t<div class=\"elementor-element elementor-element-725c48d2 elementor-widget elementor-widget-heading\" data-id=\"725c48d2\" data-element_type=\"widget\" data-widget_type=\"heading.default\">\n\t\t\t\t<div class=\"elementor-widget-container\">\n\t\t\t\t\t<h2 class=\"elementor-heading-title elementor-size-default\">Nuestros pilares<\/h2>\t\t\t\t<\/div>\n\t\t\t\t<\/div>\n\t\t\t\t<div class=\"elementor-element elementor-element-39873bc5 elementor-align-left elementor-icon-list--layout-traditional elementor-list-item-link-full_width elementor-widget elementor-widget-icon-list\" data-id=\"39873bc5\" data-element_type=\"widget\" data-widget_type=\"icon-list.default\">\n\t\t\t\t<div class=\"elementor-widget-container\">\n\t\t\t\t\t\t\t<ul class=\"elementor-icon-list-items\">\n\t\t\t\t\t\t\t<li class=\"elementor-icon-list-item\">\n\t\t\t\t\t\t\t\t\t\t<span class=\"elementor-icon-list-text\">Disciplina  |  Proceso de inversi\u00f3n riguroso<\/span>\n\t\t\t\t\t\t\t\t\t<\/li>\n\t\t\t\t\t\t\t\t<li class=\"elementor-icon-list-item\">\n\t\t\t\t\t\t\t\t\t\t<span class=\"elementor-icon-list-text\">Flexibilidad  |  Pensamiento abierto y creativo<\/span>\n\t\t\t\t\t\t\t\t\t<\/li>\n\t\t\t\t\t\t\t\t<li class=\"elementor-icon-list-item\">\n\t\t\t\t\t\t\t\t\t\t<span class=\"elementor-icon-list-text\">Educaci\u00f3n  |  Formaci\u00f3n financiera para los sucesores<\/span>\n\t\t\t\t\t\t\t\t\t<\/li>\n\t\t\t\t\t\t<\/ul>\n\t\t\t\t\t\t<\/div>\n\t\t\t\t<\/div>\n\t\t\t\t<\/div>\n\t\t\t\t\t<\/div>\n\t\t\t\t<\/div>\n\t\t<div class=\"elementor-element elementor-element-7dda93b5 rnz-section e-flex e-con-boxed e-con e-parent\" data-id=\"7dda93b5\" data-element_type=\"container\" data-settings=\"{&quot;background_background&quot;:&quot;classic&quot;}\">\n\t\t\t\t\t<div class=\"e-con-inner\">\n\t\t<div class=\"elementor-element elementor-element-d30ab1a rnz-section e-con-full e-flex e-con e-child\" data-id=\"d30ab1a\" data-element_type=\"container\">\n\t\t<div class=\"elementor-element elementor-element-28a9ed6 e-con-full e-flex e-con e-child\" data-id=\"28a9ed6\" data-element_type=\"container\">\n\t\t\t\t<div class=\"elementor-element elementor-element-ffba0e0 elementor-widget elementor-widget-image\" data-id=\"ffba0e0\" data-element_type=\"widget\" data-widget_type=\"image.default\">\n\t\t\t\t<div class=\"elementor-widget-container\">\n\t\t\t\t\t\t\t\t\t\t\t\t\t\t\t<img decoding=\"async\" width=\"800\" height=\"636\" src=\"https:\/\/inti.llc\/wp-content\/uploads\/2025\/04\/Website-inputs-9-1024x814.png\" class=\"attachment-large size-large wp-image-1521\" alt=\"\" srcset=\"https:\/\/inti.llc\/wp-content\/uploads\/2025\/04\/Website-inputs-9-1024x814.png 1024w, https:\/\/inti.llc\/wp-content\/uploads\/2025\/04\/Website-inputs-9-300x238.png 300w, https:\/\/inti.llc\/wp-content\/uploads\/2025\/04\/Website-inputs-9-768x610.png 768w, https:\/\/inti.llc\/wp-content\/uploads\/2025\/04\/Website-inputs-9-15x12.png 15w, https:\/\/inti.llc\/wp-content\/uploads\/2025\/04\/Website-inputs-9.png 1359w\" sizes=\"(max-width: 800px) 100vw, 800px\" \/>\t\t\t\t\t\t\t\t\t\t\t\t\t\t\t<\/div>\n\t\t\t\t<\/div>\n\t\t\t\t<\/div>\n\t\t<div class=\"elementor-element elementor-element-7b840b5 e-con-full e-flex e-con e-child\" data-id=\"7b840b5\" data-element_type=\"container\">\n\t\t\t\t<div class=\"elementor-element elementor-element-c925fe9 elementor-widget elementor-widget-heading\" data-id=\"c925fe9\" data-element_type=\"widget\" data-widget_type=\"heading.default\">\n\t\t\t\t<div class=\"elementor-widget-container\">\n\t\t\t\t\t<h2 class=\"elementor-heading-title elementor-size-default\">Nuestra filosof\u00eda de inversi\u00f3n<\/h2>\t\t\t\t<\/div>\n\t\t\t\t<\/div>\n\t\t\t\t<div class=\"elementor-element elementor-element-1c8a815 elementor-widget elementor-widget-text-editor\" data-id=\"1c8a815\" data-element_type=\"widget\" data-widget_type=\"text-editor.default\">\n\t\t\t\t<div class=\"elementor-widget-container\">\n\t\t\t\t\t\t\t\t\t<p>Tenemos una visi\u00f3n independiente y flexible que se alinea con los intereses de cada cliente. Nuestro proceso de inversi\u00f3n es riguroso y se basa en la diversificaci\u00f3n, control de riesgos y un enfoque de largo plazo.\u00a0<\/p>\t\t\t\t\t\t\t\t<\/div>\n\t\t\t\t<\/div>\n\t\t\t\t<\/div>\n\t\t\t\t<\/div>\n\t\t\t\t\t<\/div>\n\t\t\t\t<\/div>\n\t\t\t\t<\/div>","protected":false},"excerpt":{"rendered":"<p>Somos una firma boutique independiente que lidera la gesti\u00f3n de tu patrimonio en la banca privada de tu preferencia. Estamos supervisados en los Estados Unidos y te atendemos localmente en Per\u00fa. Nuestro prop\u00f3sito Ofrecer a las familias peruanas la tranquilidad que protegemos su legado y formamos a sus sucesores. Nuestros pilares Disciplina | Proceso de [&hellip;]<\/p>","protected":false},"author":1,"featured_media":0,"parent":0,"menu_order":0,"comment_status":"closed","ping_status":"closed","template":"","meta":{"_acf_changed":false,"footnotes":""},"class_list":["post-1251","page","type-page","status-publish","hentry"],"acf":[],"yoast_head":"<!-- This site is optimized with the Yoast SEO plugin v27.5 - https:\/\/yoast.com\/product\/yoast-seo-wordpress\/ -->\n<title>Nosotros - Inti<\/title>\n<meta name=\"robots\" content=\"index, follow, max-snippet:-1, max-image-preview:large, max-video-preview:-1\" \/>\n<link rel=\"canonical\" href=\"https:\/\/inti.llc\/en\/nosotros\/\" \/>\n<meta property=\"og:locale\" content=\"en_US\" \/>\n<meta property=\"og:type\" content=\"article\" \/>\n<meta property=\"og:title\" content=\"Nosotros - Inti\" \/>\n<meta property=\"og:description\" content=\"Somos una firma boutique independiente que lidera la gesti\u00f3n de tu patrimonio en la banca privada de tu preferencia. Estamos supervisados en los Estados Unidos y te atendemos localmente en Per\u00fa. Nuestro prop\u00f3sito Ofrecer a las familias peruanas la tranquilidad que protegemos su legado y formamos a sus sucesores. Nuestros pilares Disciplina | Proceso de [&hellip;]\" \/>\n<meta property=\"og:url\" content=\"https:\/\/inti.llc\/en\/nosotros\/\" \/>\n<meta property=\"og:site_name\" content=\"Inti\" \/>\n<meta property=\"article:publisher\" content=\"https:\/\/www.facebook.com\/inti.llc\" \/>\n<meta property=\"article:modified_time\" content=\"2025-05-15T21:13:43+00:00\" \/>\n<meta property=\"og:image\" content=\"https:\/\/inti.llc\/wp-content\/uploads\/2025\/04\/Website-inputs-1.png\" \/>\n\t<meta property=\"og:image:width\" content=\"1137\" \/>\n\t<meta property=\"og:image:height\" content=\"1080\" \/>\n\t<meta property=\"og:image:type\" content=\"image\/png\" \/>\n<meta name=\"twitter:card\" content=\"summary_large_image\" \/>\n<meta name=\"twitter:label1\" content=\"Est. reading time\" \/>\n\t<meta name=\"twitter:data1\" content=\"1 minute\" \/>\n<script type=\"application\/ld+json\" class=\"yoast-schema-graph\">{\"@context\":\"https:\\\/\\\/schema.org\",\"@graph\":[{\"@type\":\"WebPage\",\"@id\":\"https:\\\/\\\/inti.llc\\\/nosotros\\\/\",\"url\":\"https:\\\/\\\/inti.llc\\\/nosotros\\\/\",\"name\":\"Nosotros - Inti\",\"isPartOf\":{\"@id\":\"https:\\\/\\\/inti.llc\\\/#website\"},\"primaryImageOfPage\":{\"@id\":\"https:\\\/\\\/inti.llc\\\/nosotros\\\/#primaryimage\"},\"image\":{\"@id\":\"https:\\\/\\\/inti.llc\\\/nosotros\\\/#primaryimage\"},\"thumbnailUrl\":\"https:\\\/\\\/inti.llc\\\/wp-content\\\/uploads\\\/2025\\\/04\\\/Website-inputs-1-1024x973.png\",\"datePublished\":\"2025-03-12T16:21:55+00:00\",\"dateModified\":\"2025-05-15T21:13:43+00:00\",\"breadcrumb\":{\"@id\":\"https:\\\/\\\/inti.llc\\\/nosotros\\\/#breadcrumb\"},\"inLanguage\":\"en-US\",\"potentialAction\":[{\"@type\":\"ReadAction\",\"target\":[\"https:\\\/\\\/inti.llc\\\/nosotros\\\/\"]}]},{\"@type\":\"ImageObject\",\"inLanguage\":\"en-US\",\"@id\":\"https:\\\/\\\/inti.llc\\\/nosotros\\\/#primaryimage\",\"url\":\"https:\\\/\\\/inti.llc\\\/wp-content\\\/uploads\\\/2025\\\/04\\\/Website-inputs-1-1024x973.png\",\"contentUrl\":\"https:\\\/\\\/inti.llc\\\/wp-content\\\/uploads\\\/2025\\\/04\\\/Website-inputs-1-1024x973.png\"},{\"@type\":\"BreadcrumbList\",\"@id\":\"https:\\\/\\\/inti.llc\\\/nosotros\\\/#breadcrumb\",\"itemListElement\":[{\"@type\":\"ListItem\",\"position\":1,\"name\":\"Portada\",\"item\":\"https:\\\/\\\/inti.llc\\\/\"},{\"@type\":\"ListItem\",\"position\":2,\"name\":\"Nosotros\"}]},{\"@type\":\"WebSite\",\"@id\":\"https:\\\/\\\/inti.llc\\\/#website\",\"url\":\"https:\\\/\\\/inti.llc\\\/\",\"name\":\"Inti LLC\",\"description\":\"Inti LLC\",\"publisher\":{\"@id\":\"https:\\\/\\\/inti.llc\\\/#organization\"},\"alternateName\":\"Inti LLC - Wealth Management\",\"potentialAction\":[{\"@type\":\"SearchAction\",\"target\":{\"@type\":\"EntryPoint\",\"urlTemplate\":\"https:\\\/\\\/inti.llc\\\/?s={search_term_string}\"},\"query-input\":{\"@type\":\"PropertyValueSpecification\",\"valueRequired\":true,\"valueName\":\"search_term_string\"}}],\"inLanguage\":\"en-US\"},{\"@type\":\"Organization\",\"@id\":\"https:\\\/\\\/inti.llc\\\/#organization\",\"name\":\"Inti LLC\",\"url\":\"https:\\\/\\\/inti.llc\\\/\",\"logo\":{\"@type\":\"ImageObject\",\"inLanguage\":\"en-US\",\"@id\":\"https:\\\/\\\/inti.llc\\\/#\\\/schema\\\/logo\\\/image\\\/\",\"url\":\"https:\\\/\\\/inti.llc\\\/wp-content\\\/uploads\\\/2023\\\/08\\\/INTI-WEB-FONDO.png\",\"contentUrl\":\"https:\\\/\\\/inti.llc\\\/wp-content\\\/uploads\\\/2023\\\/08\\\/INTI-WEB-FONDO.png\",\"width\":1920,\"height\":1080,\"caption\":\"Inti LLC\"},\"image\":{\"@id\":\"https:\\\/\\\/inti.llc\\\/#\\\/schema\\\/logo\\\/image\\\/\"},\"sameAs\":[\"https:\\\/\\\/www.facebook.com\\\/inti.llc\",\"https:\\\/\\\/www.linkedin.com\\\/company\\\/intillc\\\/\",\"https:\\\/\\\/www.instagram.com\\\/inti.llc\\\/\"]}]}<\/script>\n<!-- \/ Yoast SEO plugin. -->","yoast_head_json":{"title":"Nosotros - Inti","robots":{"index":"index","follow":"follow","max-snippet":"max-snippet:-1","max-image-preview":"max-image-preview:large","max-video-preview":"max-video-preview:-1"},"canonical":"https:\/\/inti.llc\/en\/nosotros\/","og_locale":"en_US","og_type":"article","og_title":"Nosotros - Inti","og_description":"Somos una firma boutique independiente que lidera la gesti\u00f3n de tu patrimonio en la banca privada de tu preferencia. Estamos supervisados en los Estados Unidos y te atendemos localmente en Per\u00fa. Nuestro prop\u00f3sito Ofrecer a las familias peruanas la tranquilidad que protegemos su legado y formamos a sus sucesores. Nuestros pilares Disciplina | Proceso de [&hellip;]","og_url":"https:\/\/inti.llc\/en\/nosotros\/","og_site_name":"Inti","article_publisher":"https:\/\/www.facebook.com\/inti.llc","article_modified_time":"2025-05-15T21:13:43+00:00","og_image":[{"width":1137,"height":1080,"url":"https:\/\/inti.llc\/wp-content\/uploads\/2025\/04\/Website-inputs-1.png","type":"image\/png"}],"twitter_card":"summary_large_image","twitter_misc":{"Est. reading time":"1 minute"},"schema":{"@context":"https:\/\/schema.org","@graph":[{"@type":"WebPage","@id":"https:\/\/inti.llc\/nosotros\/","url":"https:\/\/inti.llc\/nosotros\/","name":"Nosotros - Inti","isPartOf":{"@id":"https:\/\/inti.llc\/#website"},"primaryImageOfPage":{"@id":"https:\/\/inti.llc\/nosotros\/#primaryimage"},"image":{"@id":"https:\/\/inti.llc\/nosotros\/#primaryimage"},"thumbnailUrl":"https:\/\/inti.llc\/wp-content\/uploads\/2025\/04\/Website-inputs-1-1024x973.png","datePublished":"2025-03-12T16:21:55+00:00","dateModified":"2025-05-15T21:13:43+00:00","breadcrumb":{"@id":"https:\/\/inti.llc\/nosotros\/#breadcrumb"},"inLanguage":"en-US","potentialAction":[{"@type":"ReadAction","target":["https:\/\/inti.llc\/nosotros\/"]}]},{"@type":"ImageObject","inLanguage":"en-US","@id":"https:\/\/inti.llc\/nosotros\/#primaryimage","url":"https:\/\/inti.llc\/wp-content\/uploads\/2025\/04\/Website-inputs-1-1024x973.png","contentUrl":"https:\/\/inti.llc\/wp-content\/uploads\/2025\/04\/Website-inputs-1-1024x973.png"},{"@type":"BreadcrumbList","@id":"https:\/\/inti.llc\/nosotros\/#breadcrumb","itemListElement":[{"@type":"ListItem","position":1,"name":"Portada","item":"https:\/\/inti.llc\/"},{"@type":"ListItem","position":2,"name":"Nosotros"}]},{"@type":"WebSite","@id":"https:\/\/inti.llc\/#website","url":"https:\/\/inti.llc\/","name":"Inti LLC","description":"Inti LLC","publisher":{"@id":"https:\/\/inti.llc\/#organization"},"alternateName":"Inti LLC - Wealth Management","potentialAction":[{"@type":"SearchAction","target":{"@type":"EntryPoint","urlTemplate":"https:\/\/inti.llc\/?s={search_term_string}"},"query-input":{"@type":"PropertyValueSpecification","valueRequired":true,"valueName":"search_term_string"}}],"inLanguage":"en-US"},{"@type":"Organization","@id":"https:\/\/inti.llc\/#organization","name":"Inti LLC","url":"https:\/\/inti.llc\/","logo":{"@type":"ImageObject","inLanguage":"en-US","@id":"https:\/\/inti.llc\/#\/schema\/logo\/image\/","url":"https:\/\/inti.llc\/wp-content\/uploads\/2023\/08\/INTI-WEB-FONDO.png","contentUrl":"https:\/\/inti.llc\/wp-content\/uploads\/2023\/08\/INTI-WEB-FONDO.png","width":1920,"height":1080,"caption":"Inti LLC"},"image":{"@id":"https:\/\/inti.llc\/#\/schema\/logo\/image\/"},"sameAs":["https:\/\/www.facebook.com\/inti.llc","https:\/\/www.linkedin.com\/company\/intillc\/","https:\/\/www.instagram.com\/inti.llc\/"]}]}},"_links":{"self":[{"href":"https:\/\/inti.llc\/en\/wp-json\/wp\/v2\/pages\/1251","targetHints":{"allow":["GET"]}}],"collection":[{"href":"https:\/\/inti.llc\/en\/wp-json\/wp\/v2\/pages"}],"about":[{"href":"https:\/\/inti.llc\/en\/wp-json\/wp\/v2\/types\/page"}],"author":[{"embeddable":true,"href":"https:\/\/inti.llc\/en\/wp-json\/wp\/v2\/users\/1"}],"replies":[{"embeddable":true,"href":"https:\/\/inti.llc\/en\/wp-json\/wp\/v2\/comments?post=1251"}],"version-history":[{"count":85,"href":"https:\/\/inti.llc\/en\/wp-json\/wp\/v2\/pages\/1251\/revisions"}],"predecessor-version":[{"id":2006,"href":"https:\/\/inti.llc\/en\/wp-json\/wp\/v2\/pages\/1251\/revisions\/2006"}],"wp:attachment":[{"href":"https:\/\/inti.llc\/en\/wp-json\/wp\/v2\/media?parent=1251"}],"curies":[{"name":"wp","href":"https:\/\/api.w.org\/{rel}","templated":true}]}}